{"id":22106,"date":"2017-08-08T10:10:25","date_gmt":"2017-08-08T10:10:25","guid":{"rendered":"https:\/\/pofo.themezaa.com\/?page_id=5577"},"modified":"2026-01-15T06:25:23","modified_gmt":"2026-01-15T06:25:23","slug":"muallim-koleji-iletisim","status":"publish","type":"page","link":"https:\/\/muallimkoleji.com\/index.php\/muallim-koleji-iletisim\/","title":{"rendered":"muallim koleji ileti\u015fim"},"content":{"rendered":"<section data-vc-full-width=\"true\" data-vc-full-width-init=\"false\" data-vc-stretch-content=\"true\" class=\"vc_row wpb_row vc_row-fluid equalize vc_custom_1507629547198 wow fadeIn vc_row-has-fill pofo-stretch-content vc_row-no-padding\"><div class=\"wpb_column vc_column_container vc_col-sm-12 vc_col-lg-4 vc_col-md-4 col-xs-mobile-fullwidth\"><div class=\"vc_column-inner vc_custom_1507629614302\"><div class=\"wpb_wrapper\"><div class=\"featurebox20 pofo-featurebox feature-box-wrap image-hover-style-3 bg-light-gray overflow-hidden featurebox20-1\" ><div class=\"width-100 display-table position-relative cover-background small-screen xs-height-300px bg-image-srcset\" style=\"background-image: url(https:\/\/muallimkoleji.com\/wp-content\/uploads\/2026\/01\/MUALLI\u0307M-36.jpg)\" data-bg-srcset=\"https:\/\/muallimkoleji.com\/wp-content\/uploads\/2026\/01\/MUALLI\u0307M-36.jpg 1200w, https:\/\/muallimkoleji.com\/wp-content\/uploads\/2026\/01\/MUALLI\u0307M-36-300x225.jpg 300w, https:\/\/muallimkoleji.com\/wp-content\/uploads\/2026\/01\/MUALLI\u0307M-36-1024x768.jpg 1024w, https:\/\/muallimkoleji.com\/wp-content\/uploads\/2026\/01\/MUALLI\u0307M-36-768x576.jpg 768w, https:\/\/muallimkoleji.com\/wp-content\/uploads\/2026\/01\/MUALLI\u0307M-36-1028x771.jpg 1028w, https:\/\/muallimkoleji.com\/wp-content\/uploads\/2026\/01\/MUALLI\u0307M-36-120x90.jpg 120w, https:\/\/muallimkoleji.com\/wp-content\/uploads\/2026\/01\/MUALLI\u0307M-36-81x61.jpg 81w\"><\/div><div class=\"width-100 display-table small-screen xs-height-300px arrow-top\">\n                                    <div class=\"display-table-cell vertical-align-middle text-center padding-eighteen-lr md-padding-twelve-lr sm-padding-fifteen-all sm-padding-ten-lr xs-padding-five-lr xs-padding-fourteen-tb\"><i class=\"link-icon margin-25px-bottom text-deep-pink icon-map icon-medium\"><\/i><div class=\"text-extra-dark-gray alt-font width-95 center-col xs-margin-15px-bottom margin-5px-bottom\" style=\"font-weight: 600;\">ADRES<\/div><div class=\"no-letter-spacing padding-two-lr line-height-26 xs-line-height-20 last-paragraph-no-margin\"><p class=\"width-60 center-col text-medium md-width-100\">Ahimesut Mah,\u00a0 1879. Cd no 16\/1-2, 06794 Etimesgut\/Ankara<\/p>\n<\/div>    <\/div>\n                                <\/div><\/div><\/div><\/div><\/div><div class=\"wpb_column vc_column_container vc_col-sm-12 vc_col-lg-4 vc_col-md-4 col-xs-mobile-fullwidth\"><div class=\"vc_column-inner \"><div class=\"wpb_wrapper\"><div class=\"sm-swap-block featurebox20 pofo-featurebox sm-swap-block feature-box-wrap image-hover-style-3 bg-light-gray overflow-hidden featurebox20-2\" ><div class=\"width-100 display-table small-screen xs-height-300px arrow-bottom\">\n                                    <div class=\"display-table-cell vertical-align-middle text-center padding-eighteen-lr md-padding-twelve-lr sm-padding-fifteen-all sm-padding-ten-lr xs-padding-five-lr xs-padding-fourteen-tb\"><i class=\"link-icon margin-25px-bottom text-deep-pink icon-chat icon-medium\"><\/i><div class=\"text-extra-dark-gray alt-font width-95 center-col xs-margin-15px-bottom margin-5px-bottom\" style=\"font-weight: 600;\">Telefonlar<\/div><div class=\"no-letter-spacing padding-two-lr line-height-26 xs-line-height-20 last-paragraph-no-margin\"><p>Telefon: 0 312 268 30 30<\/p>\n<\/div>    <\/div>\n                                <\/div><div class=\"width-100 display-table position-relative cover-background small-screen xs-height-300px bg-image-srcset\" style=\"background-image: url(https:\/\/muallimkoleji.com\/wp-content\/uploads\/2026\/01\/MUALLI\u0307M-36.jpg)\" data-bg-srcset=\"https:\/\/muallimkoleji.com\/wp-content\/uploads\/2026\/01\/MUALLI\u0307M-36.jpg 1200w, https:\/\/muallimkoleji.com\/wp-content\/uploads\/2026\/01\/MUALLI\u0307M-36-300x225.jpg 300w, https:\/\/muallimkoleji.com\/wp-content\/uploads\/2026\/01\/MUALLI\u0307M-36-1024x768.jpg 1024w, https:\/\/muallimkoleji.com\/wp-content\/uploads\/2026\/01\/MUALLI\u0307M-36-768x576.jpg 768w, https:\/\/muallimkoleji.com\/wp-content\/uploads\/2026\/01\/MUALLI\u0307M-36-1028x771.jpg 1028w, https:\/\/muallimkoleji.com\/wp-content\/uploads\/2026\/01\/MUALLI\u0307M-36-120x90.jpg 120w, https:\/\/muallimkoleji.com\/wp-content\/uploads\/2026\/01\/MUALLI\u0307M-36-81x61.jpg 81w\"><\/div><\/div><\/div><\/div><\/div><div class=\"wpb_column vc_column_container vc_col-sm-12 vc_col-lg-4 vc_col-md-4 col-xs-mobile-fullwidth\"><div class=\"vc_column-inner vc_custom_1507629671749\"><div class=\"wpb_wrapper\"><div class=\"featurebox20 pofo-featurebox feature-box-wrap image-hover-style-3 bg-light-gray overflow-hidden featurebox20-3\" ><div class=\"width-100 display-table position-relative cover-background small-screen xs-height-300px bg-image-srcset\" style=\"background-image: url(https:\/\/muallimkoleji.com\/wp-content\/uploads\/2026\/01\/MUALLI\u0307M-36.jpg)\" data-bg-srcset=\"https:\/\/muallimkoleji.com\/wp-content\/uploads\/2026\/01\/MUALLI\u0307M-36.jpg 1200w, https:\/\/muallimkoleji.com\/wp-content\/uploads\/2026\/01\/MUALLI\u0307M-36-300x225.jpg 300w, https:\/\/muallimkoleji.com\/wp-content\/uploads\/2026\/01\/MUALLI\u0307M-36-1024x768.jpg 1024w, https:\/\/muallimkoleji.com\/wp-content\/uploads\/2026\/01\/MUALLI\u0307M-36-768x576.jpg 768w, https:\/\/muallimkoleji.com\/wp-content\/uploads\/2026\/01\/MUALLI\u0307M-36-1028x771.jpg 1028w, https:\/\/muallimkoleji.com\/wp-content\/uploads\/2026\/01\/MUALLI\u0307M-36-120x90.jpg 120w, https:\/\/muallimkoleji.com\/wp-content\/uploads\/2026\/01\/MUALLI\u0307M-36-81x61.jpg 81w\"><\/div><div class=\"width-100 display-table small-screen xs-height-300px arrow-top\">\n                                    <div class=\"display-table-cell vertical-align-middle text-center padding-eighteen-lr md-padding-twelve-lr sm-padding-fifteen-all sm-padding-ten-lr xs-padding-five-lr xs-padding-fourteen-tb\"><i class=\"link-icon margin-25px-bottom text-deep-pink icon-envelope icon-medium\"><\/i><div class=\"text-extra-dark-gray alt-font width-95 center-col xs-margin-15px-bottom margin-5px-bottom\" style=\"font-weight: 600;\">MAIL<\/div><div class=\"no-letter-spacing padding-two-lr line-height-26 xs-line-height-20 last-paragraph-no-margin\"><p>iletisim@muallimkoleji.com<\/p>\n<\/div>    <\/div>\n                                <\/div><\/div><\/div><\/div><\/div><\/section><div class=\"vc_row-full-width vc_clearfix\"><\/div><section id=\"about\" data-vc-full-width=\"true\" data-vc-full-width-init=\"false\" class=\"vc_row wpb_row vc_row-fluid  vc_custom_1768113782659 wow fadeIn vc_row-has-fill vc_column-gap-30 pofo-stretch-content pofo-stretch-row-container vc_row-o-equal-height vc_row-flex pofo-row-responsive-69e61e79d5549\"><div class=\"wpb_column vc_column_container vc_col-has-fill vc_col-sm-12 vc_col-md-6 vc_col-xs-12 wow fadeInLeft pofo-column-responsive-69e61e79d5636\"><div class=\"vc_column-inner vc_custom_1768113831594\"><div class=\"wpb_wrapper\">\n<div class=\"wpcf7 no-js\" id=\"wpcf7-f8085-o1\" lang=\"en-US\" dir=\"ltr\" data-wpcf7-id=\"8085\">\n<div class=\"screen-reader-response\"><p role=\"status\" aria-live=\"polite\" aria-atomic=\"true\"><\/p> <ul><\/ul><\/div>\n<form action=\"\/index.php\/wp-json\/wp\/v2\/pages\/22106#wpcf7-f8085-o1\" method=\"post\" class=\"wpcf7-form init\" aria-label=\"Contact form\" novalidate=\"novalidate\" data-status=\"init\">\n<fieldset class=\"hidden-fields-container\"><input type=\"hidden\" name=\"_wpcf7\" value=\"8085\" \/><input type=\"hidden\" name=\"_wpcf7_version\" value=\"6.1.4\" \/><input type=\"hidden\" name=\"_wpcf7_locale\" value=\"en_US\" \/><input type=\"hidden\" name=\"_wpcf7_unit_tag\" value=\"wpcf7-f8085-o1\" \/><input type=\"hidden\" name=\"_wpcf7_container_post\" value=\"0\" \/><input type=\"hidden\" name=\"_wpcf7_posted_data_hash\" value=\"\" \/>\n<\/fieldset>\n<div class=\"contact-form-7-group\">\n\t<p><label> \u0130sim Soyisim (Zorunlu)<br \/>\n<span class=\"wpcf7-form-control-wrap\" data-name=\"your-name\"><input size=\"40\" maxlength=\"400\" class=\"wpcf7-form-control wpcf7-text wpcf7-validates-as-required\" autocomplete=\"name\" aria-required=\"true\" aria-invalid=\"false\" placeholder=\"Ad\u0131n\u0131z ve Soyad\u0131n\u0131z\" value=\"\" type=\"text\" name=\"your-name\" \/><\/span><br \/>\n<\/label>\n\t<\/p>\n<\/div>\n<div class=\"contact-form-7-group\">\n\t<p><label> Telefon (Zorunlu)<br \/>\n<span class=\"wpcf7-form-control-wrap\" data-name=\"your-phone\"><input size=\"40\" maxlength=\"400\" class=\"wpcf7-form-control wpcf7-tel wpcf7-validates-as-required wpcf7-text wpcf7-validates-as-tel\" aria-required=\"true\" aria-invalid=\"false\" placeholder=\"0555 555 55 55\" value=\"\" type=\"tel\" name=\"your-phone\" \/><\/span><br \/>\n<\/label>\n\t<\/p>\n<\/div>\n<div class=\"contact-form-7-group\">\n\t<p><label> Mesaj\u0131n\u0131z<br \/>\n<span class=\"wpcf7-form-control-wrap\" data-name=\"your-message\"><textarea cols=\"40\" rows=\"10\" maxlength=\"2000\" class=\"wpcf7-form-control wpcf7-textarea\" aria-invalid=\"false\" placeholder=\"Mesaj\u0131n\u0131z\u0131 buraya yazabilirsiniz...\" name=\"your-message\"><\/textarea><\/span><br \/>\n<\/label>\n\t<\/p>\n<\/div>\n<div class=\"contact-form-7-group\">\n\t<p><label> G\u00fcvenlik Sorusu (Zorunlu)<br \/>\n<span class=\"wpcf7-form-control-wrap\" data-name=\"math-quiz\"><label><span class=\"wpcf7-quiz-label\">3 + 2 = ?<\/span> <input size=\"40\" class=\"wpcf7-form-control wpcf7-quiz\" autocomplete=\"off\" aria-required=\"true\" aria-invalid=\"false\" type=\"text\" name=\"math-quiz\" \/><\/label><input type=\"hidden\" name=\"_wpcf7_quiz_answer_math-quiz\" value=\"c8d4d8afbc6dcec1ff1df826f9e90671\" \/><\/span><br \/>\n<\/label>\n\t<\/p>\n<\/div>\n<p><input class=\"wpcf7-form-control wpcf7-submit has-spinner\" type=\"submit\" value=\"G\u00f6nder\" \/>\n<\/p><div class=\"wpcf7-response-output\" aria-hidden=\"true\"><\/div>\n<\/form>\n<\/div>\n<\/div><\/div><\/div><div class=\"wpb_column vc_column_container vc_col-has-fill vc_col-sm-12 vc_col-md-6 vc_col-xs-12 wow fadeInRight pofo-column-responsive-69e61e79d85f4\"><div class=\"vc_column-inner vc_custom_1768113873195\"><div class=\"wpb_wrapper\"><div class=\"vc_row wpb_row vc_inner vc_row-fluid  vc_custom_1768113857275 pofo-inner-row-responsive-69e61e79d8712\"><div class=\"wpb_column vc_column_container vc_col-sm-12  col-xs-mobile-fullwidth sm-text-center\"><div class=\"vc_column-inner \"><div class=\"wpb_wrapper\">[vc_single_image image=&#8221;22947&#8243; img_size=&#8221;full&#8221; alignment=&#8221;center&#8221; style=&#8221;vc_box_rounded&#8221;]<\/div><\/div><\/div><\/div>[vc_raw_html]JTNDaWZyYW1lJTIwc3JjJTNEJTIyaHR0cHMlM0ElMkYlMkZ3d3cuZ29vZ2xlLmNvbSUyRm1hcHMlMkZlbWJlZCUzRnBiJTNEJTIxMW0xOCUyMTFtMTIlMjExbTMlMjExZDMwNTkuMzYxNDA0NTIzMTIwNyUyMTJkMzIuNjI5MjczNCUyMTNkMzkuOTMzMzA1JTIxMm0zJTIxMWYwJTIxMmYwJTIxM2YwJTIxM20yJTIxMWkxMDI0JTIxMmk3NjglMjE0ZjEzLjElMjEzbTMlMjExbTIlMjExczB4MTRkMzM5OGEyMTc4OWEyZCUyNTNBMHg4Y2JiNzg3Y2I1OWY1MzQ1JTIxMnNNdWFsbGltJTI1MjBLb2xlamklMjE1ZTAlMjEzbTIlMjExc3RyJTIxMnN0ciUyMTR2MTc2ODQ1ODE1OTUwOSUyMTVtMiUyMTFzdHIlMjEyc3RyJTIyJTIwd2lkdGglM0QlMjI2MDAlMjIlMjBoZWlnaHQlM0QlMjI0NTAlMjIlMjBzdHlsZSUzRCUyMmJvcmRlciUzQTAlM0IlMjIlMjBhbGxvd2Z1bGxzY3JlZW4lM0QlMjIlMjIlMjBsb2FkaW5nJTNEJTIybGF6eSUyMiUyMHJlZmVycmVycG9saWN5JTNEJTIybm8tcmVmZXJyZXItd2hlbi1kb3duZ3JhZGUlMjIlM0UlM0MlMkZpZnJhbWUlM0U=[\/vc_raw_html]<\/div><\/div><\/div><\/section><div class=\"vc_row-full-width vc_clearfix\"><\/div>\n","protected":false},"excerpt":{"rendered":"ADRESAhimesut Mah,\u00a0 1879. Cd no 16\/1-2, 06794 Etimesgut\/Ankara TelefonlarTelefon: 0 312 268 30 30 MAILiletisim@muallimkoleji.com \u0130sim Soyisim (Zorunlu) Telefon (Zorunlu) Mesaj\u0131n\u0131z G\u00fcvenlik Sorusu (Zorunlu) 10 - 2 = ? [vc_single_image image=\"22947\" img_size=\"full\" alignment=\"center\" style=\"vc_box_rounded\"][vc_raw_html]JTNDaWZyYW1lJTIwc3JjJTNEJTIyaHR0cHMlM0ElMkYlMkZ3d3cuZ29vZ2xlLmNvbSUyRm1hcHMlMkZlbWJlZCUzRnBiJTNEJTIxMW0xOCUyMTFtMTIlMjExbTMlMjExZDMwNTkuMzYxNDA0NTIzMTIwNyUyMTJkMzIuNjI5MjczNCUyMTNkMzkuOTMzMzA1JTIxMm0zJTIxMWYwJTIxMmYwJTIxM2YwJTIxM20yJTIxMWkxMDI0JTIxMmk3NjglMjE0ZjEzLjElMjEzbTMlMjExbTIlMjExczB4MTRkMzM5OGEyMTc4OWEyZCUyNTNBMHg4Y2JiNzg3Y2I1OWY1MzQ1JTIxMnNNdWFsbGltJTI1MjBLb2xlamklMjE1ZTAlMjEzbTIlMjExc3RyJTIxMnN0ciUyMTR2MTc2ODQ1ODE1OTUwOSUyMTVtMiUyMTFzdHIlMjEyc3RyJTIyJTIwd2lkdGglM0QlMjI2MDAlMjIlMjBoZWlnaHQlM0QlMjI0NTAlMjIlMjBzdHlsZSUzRCUyMmJvcmRlciUzQTAlM0IlMjIlMjBhbGxvd2Z1bGxzY3JlZW4lM0QlMjIlMjIlMjBsb2FkaW5nJTNEJTIybGF6eSUyMiUyMHJlZmVycmVycG9saWN5JTNEJTIybm8tcmVmZXJyZXItd2hlbi1kb3duZ3JhZGUlMjIlM0UlM0MlMkZpZnJhbWUlM0U=[\/vc_raw_html]","protected":false},"author":1,"featured_media":0,"parent":0,"menu_order":0,"comment_status":"closed","ping_status":"closed","template":"","meta":{"inline_featured_image":false,"footnotes":""},"class_list":["post-22106","page","type-page","status-publish","hentry"],"_links":{"self":[{"href":"https:\/\/muallimkoleji.com\/index.php\/wp-json\/wp\/v2\/pages\/22106","targetHints":{"allow":["GET"]}}],"collection":[{"href":"https:\/\/muallimkoleji.com\/index.php\/wp-json\/wp\/v2\/pages"}],"about":[{"href":"https:\/\/muallimkoleji.com\/index.php\/wp-json\/wp\/v2\/types\/page"}],"author":[{"embeddable":true,"href":"https:\/\/muallimkoleji.com\/index.php\/wp-json\/wp\/v2\/users\/1"}],"replies":[{"embeddable":true,"href":"https:\/\/muallimkoleji.com\/index.php\/wp-json\/wp\/v2\/comments?post=22106"}],"version-history":[{"count":16,"href":"https:\/\/muallimkoleji.com\/index.php\/wp-json\/wp\/v2\/pages\/22106\/revisions"}],"predecessor-version":[{"id":23285,"href":"https:\/\/muallimkoleji.com\/index.php\/wp-json\/wp\/v2\/pages\/22106\/revisions\/23285"}],"wp:attachment":[{"href":"https:\/\/muallimkoleji.com\/index.php\/wp-json\/wp\/v2\/media?parent=22106"}],"curies":[{"name":"wp","href":"https:\/\/api.w.org\/{rel}","templated":true}]}}