{"id":2924,"date":"2017-07-05T11:24:52","date_gmt":"2017-07-05T11:24:52","guid":{"rendered":"https:\/\/pofo.themezaa.com\/?page_id=2924"},"modified":"2026-02-27T07:37:13","modified_gmt":"2026-02-27T07:37:13","slug":"muallim-koleji-kayit","status":"publish","type":"page","link":"https:\/\/muallimkoleji.com\/index.php\/muallim-koleji-kayit\/","title":{"rendered":"Muallim Koleji Kay\u0131t"},"content":{"rendered":"<section data-vc-full-width=\"true\" data-vc-full-width-init=\"false\" class=\"vc_row wpb_row vc_row-fluid  vc_custom_1768111672750 wow fadeIn vc_row-has-fill pofo-stretch-content pofo-stretch-row-container pofo-row-responsive-69e61e6238b9f\"><div class=\"wpb_column vc_column_container vc_col-sm-12  col-xs-mobile-fullwidth\"><div class=\"vc_column-inner vc_custom_1771692782889\"><div class=\"wpb_wrapper\">[vc_single_image image=&#8221;23435&#8243; img_size=&#8221;full&#8221;]<div class=\"vc_row wpb_row vc_inner vc_row-fluid\"><div class=\"wpb_column vc_column_container vc_col-sm-1 vc_col-md-3 vc_hidden-xs col-xs-mobile-fullwidth\"><div class=\"vc_column-inner \"><div class=\"wpb_wrapper\"><\/div><\/div><\/div><div class=\"wpb_column vc_column_container vc_col-sm-10 vc_col-md-6 col-xs-mobile-fullwidth text-center pofo-column-responsive-69e61e6238ddc\"><div class=\"vc_column-inner \"><div class=\"wpb_wrapper\">[vc_custom_heading text=&#8221;Okul Kay\u0131t Formu&#8221; font_container=&#8221;tag:h2|font_size:24|text_align:center|color:%23dd9933&#8243; google_fonts=&#8221;font_family:Dosis%3A200%2C300%2Cregular%2C500%2C600%2C700%2C800|font_style:700%20bold%20regular%3A700%3Anormal&#8221;]<\/div><\/div><\/div><div class=\"wpb_column vc_column_container vc_col-sm-1 vc_col-md-3 vc_hidden-xs col-xs-mobile-fullwidth\"><div class=\"vc_column-inner \"><div class=\"wpb_wrapper\"><\/div><\/div><\/div><\/div><div class=\"vc_row wpb_row vc_inner vc_row-fluid  vc_custom_1768111599946 vc_row-has-fill\"><div class=\"wpb_column vc_column_container vc_col-md-3 vc_hidden-sm vc_hidden-xs col-xs-mobile-fullwidth\"><div class=\"vc_column-inner \"><div class=\"wpb_wrapper\"><\/div><\/div><\/div><div class=\"wpb_column vc_column_container vc_col-has-fill vc_col-md-6 col-xs-mobile-fullwidth wow fadeIn pofo-column-responsive-69e61e6238f73\"><div class=\"vc_column-inner vc_custom_1768111649149\"><div class=\"wpb_wrapper\">\n<div class=\"wpcf7 no-js\" id=\"wpcf7-f2941-o1\" lang=\"en-US\" dir=\"ltr\" data-wpcf7-id=\"2941\">\n<div class=\"screen-reader-response\"><p role=\"status\" aria-live=\"polite\" aria-atomic=\"true\"><\/p> <ul><\/ul><\/div>\n<form action=\"\/index.php\/wp-json\/wp\/v2\/pages\/2924#wpcf7-f2941-o1\" method=\"post\" class=\"wpcf7-form init\" aria-label=\"Contact form\" novalidate=\"novalidate\" data-status=\"init\">\n<fieldset class=\"hidden-fields-container\"><input type=\"hidden\" name=\"_wpcf7\" value=\"2941\" \/><input type=\"hidden\" name=\"_wpcf7_version\" value=\"6.1.4\" \/><input type=\"hidden\" name=\"_wpcf7_locale\" value=\"en_US\" \/><input type=\"hidden\" name=\"_wpcf7_unit_tag\" value=\"wpcf7-f2941-o1\" \/><input type=\"hidden\" name=\"_wpcf7_container_post\" value=\"0\" \/><input type=\"hidden\" name=\"_wpcf7_posted_data_hash\" value=\"\" \/>\n<\/fieldset>\n<p><label> Veli \u0130sim Soyisim (Zorunlu)<br \/>\n<span class=\"wpcf7-form-control-wrap\" data-name=\"isim-soyisim\"><input size=\"40\" maxlength=\"400\" class=\"wpcf7-form-control wpcf7-text wpcf7-validates-as-required\" aria-required=\"true\" aria-invalid=\"false\" placeholder=\"Velinin Ad\u0131 Soyad\u0131\" value=\"\" type=\"text\" name=\"isim-soyisim\" \/><\/span> <\/label>\n<\/p>\n<p><label> Veli Telefon (Zorunlu)<br \/>\n<span class=\"wpcf7-form-control-wrap\" data-name=\"telefon\"><input size=\"40\" maxlength=\"400\" class=\"wpcf7-form-control wpcf7-tel wpcf7-validates-as-required wpcf7-text wpcf7-validates-as-tel\" aria-required=\"true\" aria-invalid=\"false\" placeholder=\"05XX XXX XX XX\" value=\"\" type=\"tel\" name=\"telefon\" \/><\/span> <\/label>\n<\/p>\n<p><label> \u00d6\u011frenci \u0130sim Soyisim (Zorunlu)<br \/>\n<span class=\"wpcf7-form-control-wrap\" data-name=\"isim-soyisim\"><input size=\"40\" maxlength=\"400\" class=\"wpcf7-form-control wpcf7-text wpcf7-validates-as-required\" aria-required=\"true\" aria-invalid=\"false\" placeholder=\"\u00d6\u011frencinin Ad\u0131 Soyad\u0131\" value=\"\" type=\"text\" name=\"isim-soyisim\" \/><\/span> <\/label>\n<\/p>\n<p><label> Okul (Zorunlu)<br \/>\n<span class=\"wpcf7-form-control-wrap\" data-name=\"okul\"><input size=\"40\" maxlength=\"400\" class=\"wpcf7-form-control wpcf7-text wpcf7-validates-as-required\" aria-required=\"true\" aria-invalid=\"false\" placeholder=\"Okul Ad\u0131\" value=\"\" type=\"text\" name=\"okul\" \/><\/span> <\/label>\n<\/p>\n<div style=\"display: flex; gap: 20px; flex-wrap: wrap;\">\n\t<div style=\"flex: 1;\">\n\t\t<p><label> S\u0131n\u0131f (Zorunlu)<br \/>\n<span class=\"wpcf7-form-control-wrap\" data-name=\"sinif\"><select class=\"wpcf7-form-control wpcf7-select wpcf7-validates-as-required\" aria-required=\"true\" aria-invalid=\"false\" name=\"sinif\"><option value=\"\">S\u0131n\u0131f Se\u00e7iniz<\/option><option value=\"4\">4<\/option><option value=\"5\">5<\/option><option value=\"6\">6<\/option><option value=\"7\">7<\/option><\/select><\/span> <\/label>\n\t\t<\/p>\n\t<\/div>\n<\/div>\n<p><label> G\u00fcvenlik Do\u011frulamas\u0131 (Zorunlu)<br \/>\n<span class=\"wpcf7-form-control-wrap\" data-name=\"dogrulama-kodu\"><label><span class=\"wpcf7-quiz-label\">5 + 3 = ?<\/span> <input size=\"40\" class=\"wpcf7-form-control wpcf7-quiz\" autocomplete=\"off\" aria-required=\"true\" aria-invalid=\"false\" type=\"text\" name=\"dogrulama-kodu\" \/><\/label><input type=\"hidden\" name=\"_wpcf7_quiz_answer_dogrulama-kodu\" value=\"bc914f33bf176c28448e07f405869fa6\" \/><\/span> <\/label>\n<\/p>\n<p><input class=\"wpcf7-form-control wpcf7-submit has-spinner\" type=\"submit\" value=\"Kay\u0131t Ba\u015fvurusunu G\u00f6nder\" \/>\n<\/p><div class=\"wpcf7-response-output\" aria-hidden=\"true\"><\/div>\n<\/form>\n<\/div>\n<\/div><\/div><\/div><div class=\"wpb_column vc_column_container vc_col-md-3 vc_hidden-sm col-xs-mobile-fullwidth\"><div class=\"vc_column-inner \"><div class=\"wpb_wrapper\"><\/div><\/div><\/div><\/div><\/div><\/div><\/div><\/section><div class=\"vc_row-full-width vc_clearfix\"><\/div>\n","protected":false},"excerpt":{"rendered":"[vc_single_image image=\"23435\" img_size=\"full\"][vc_custom_heading text=\"Okul Kay\u0131t Formu\" font_container=\"tag:h2|font_size:24|text_align:center|color:%23dd9933\" google_fonts=\"font_family:Dosis%3A200%2C300%2Cregular%2C500%2C600%2C700%2C800|font_style:700%20bold%20regular%3A700%3Anormal\"] Veli \u0130sim Soyisim (Zorunlu) Veli Telefon (Zorunlu) \u00d6\u011frenci \u0130sim Soyisim (Zorunlu) Okul (Zorunlu) S\u0131n\u0131f (Zorunlu) S\u0131n\u0131f Se\u00e7iniz4567 G\u00fcvenlik Do\u011frulamas\u0131 (Zorunlu) 12 + 8 = ?","protected":false},"author":1,"featured_media":0,"parent":0,"menu_order":0,"comment_status":"closed","ping_status":"closed","template":"","meta":{"inline_featured_image":false,"footnotes":""},"class_list":["post-2924","page","type-page","status-publish","hentry"],"_links":{"self":[{"href":"https:\/\/muallimkoleji.com\/index.php\/wp-json\/wp\/v2\/pages\/2924","targetHints":{"allow":["GET"]}}],"collection":[{"href":"https:\/\/muallimkoleji.com\/index.php\/wp-json\/wp\/v2\/pages"}],"about":[{"href":"https:\/\/muallimkoleji.com\/index.php\/wp-json\/wp\/v2\/types\/page"}],"author":[{"embeddable":true,"href":"https:\/\/muallimkoleji.com\/index.php\/wp-json\/wp\/v2\/users\/1"}],"replies":[{"embeddable":true,"href":"https:\/\/muallimkoleji.com\/index.php\/wp-json\/wp\/v2\/comments?post=2924"}],"version-history":[{"count":23,"href":"https:\/\/muallimkoleji.com\/index.php\/wp-json\/wp\/v2\/pages\/2924\/revisions"}],"predecessor-version":[{"id":23439,"href":"https:\/\/muallimkoleji.com\/index.php\/wp-json\/wp\/v2\/pages\/2924\/revisions\/23439"}],"wp:attachment":[{"href":"https:\/\/muallimkoleji.com\/index.php\/wp-json\/wp\/v2\/media?parent=2924"}],"curies":[{"name":"wp","href":"https:\/\/api.w.org\/{rel}","templated":true}]}}