{"id":5556,"date":"2017-08-08T10:06:52","date_gmt":"2017-08-08T10:06:52","guid":{"rendered":"https:\/\/pofo.themezaa.com\/?page_id=5556"},"modified":"2026-01-10T12:54:10","modified_gmt":"2026-01-10T12:54:10","slug":"hakkimizda","status":"publish","type":"page","link":"https:\/\/muallimkoleji.com\/index.php\/hakkimizda\/","title":{"rendered":"Hakk\u0131m\u0131zda"},"content":{"rendered":"<section class=\"vc_row wpb_row vc_row-fluid\"><div class=\"wpb_column vc_column_container vc_col-sm-6  col-xs-mobile-fullwidth\"><div class=\"vc_column-inner \"><div class=\"wpb_wrapper\"><h5 class=\"text-extra-dark-gray margin-20px-bottom font-weight-600 text-uppercase display-inline-block alt-font text-uppercase heading-style2  vc_custom_1767667805805 pofo-button-responsive-69e62006dd291  heading-1\"  style=\"width: 80%; font-weight: 700;\">K\u00f6klerden Gelece\u011fe, B\u00fct\u00fcnc\u00fcl Bir Bak\u0131\u015f<\/h5><div class=\"sm-width-100 separator-line-horrizontal-full bg-extra-light-gray pofo-separator  vc_custom_1509772683207 pofo-separator-responsive-69e62006dd310\" style=\"background-color:#000000; min-height: 8px; width: 50%;\"><\/div><div class=\" vc_custom_1767667823696 last-paragraph-no-margin pofo-text-block-responsive-69e62006dd3a1\" style=\"width: 95%;\"><p>Muallim Koleji olarak e\u011fitimi, sadece akademik bilgilerin aktar\u0131ld\u0131\u011f\u0131 bir s\u00fcre\u00e7 olarak de\u011fil; zihinsel, bedensel ve ruhsal bir in\u015fa s\u00fcreci olarak g\u00f6r\u00fcyoruz. Bizim i\u00e7in her \u00f6\u011frenci, ke\u015ffedilmeyi bekleyen bir potansiyel ve kendine has yetenekleriyle biricik bir d\u00fcnyad\u0131r. Felsefemizin temelinde; <b data-path-to-node=\"4\" data-index-in-node=\"307\">&#8220;Bilgiyle donanm\u0131\u015f, de\u011ferleriyle b\u00fcy\u00fcyen ve bilin\u00e7le ya\u015fayan&#8221;<\/b> nesiller yeti\u015ftirmek yatar.<\/p>\n<\/div><\/div><\/div><\/div><div class=\"wpb_column vc_column_container vc_col-sm-6  col-xs-mobile-fullwidth\"><div class=\"vc_column-inner \"><div class=\"wpb_wrapper\">[vc_single_image image=&#8221;23022&#8243; img_size=&#8221;full&#8221;]<\/div><\/div><\/div><\/section><section data-vc-full-width=\"true\" data-vc-full-width-init=\"false\" data-vc-stretch-content=\"true\" class=\"vc_row wpb_row vc_row-fluid  vc_custom_1507546205849 wow fadeIn vc_row-has-fill pofo-stretch-content vc_row-o-equal-height vc_row-o-content-middle vc_row-flex\"><div class=\"wpb_column vc_column_container vc_col-has-fill vc_col-sm-12 vc_col-lg-6 vc_col-md-6 vc_col-xs-12 wow fadeInLeft pofo-column-responsive-69e62006dd5b3\"><div class=\"vc_column-inner cover-background bg-position-center-center vc_custom_1768048870348\"><div class=\"wpb_wrapper\"><\/div><\/div><\/div><div class=\"wpb_column vc_column_container vc_col-sm-12 vc_col-lg-6 vc_col-md-6 vc_col-xs-12 wow fadeInRight sm-text-center\"><div class=\"vc_column-inner \"><div class=\"wpb_wrapper\"><div class=\"vc_row wpb_row vc_inner vc_row-fluid  vc_custom_1509696700962 pofo-inner-row-responsive-69e62006dd742\"><div class=\"wpb_column vc_column_container vc_col-sm-6 vc_col-lg-6 vc_col-md-12 vc_col-xs-12 wow none sm-text-left xs-text-center pofo-column-responsive-69e62006dd828\"><div class=\"vc_column-inner vc_custom_1509978439064\"><div class=\"wpb_wrapper\"><div class=\"featurebox31 pofo-featurebox featurebox31-1\" ><div class=\"text-light-gray margin-10px-bottom sm-margin-5px-bottom alt-font\"><span class=\"text-deep-pink margin-15px-right pull-left text-large xs-display-block xs-margin-lr-auto xs-width-100\" style=\"\">01.<\/span><span class=\"text-extra-dark-gray \" style=\"color: #232323;\">\u00d6\u011frenmeyi \u00d6\u011freten Sistem<\/span><\/div><div class=\"last-paragraph-no-margin width-90 xs-width-100\"><p>Bilginin h\u0131zla de\u011fi\u015fti\u011fi bir \u00e7a\u011fda, \u00f6\u011frencilerimize ezberletmeyi de\u011fil; ara\u015ft\u0131rmay\u0131, sorgulamay\u0131 ve bilgiye ula\u015fmay\u0131 \u00f6\u011fretiyoruz. Merak duygusunu her zaman canl\u0131 tutarak, onlar\u0131 hayat boyu \u00f6\u011frenen bireyler haline getiriyoruz.<\/p>\n<\/div><\/div><\/div><\/div><\/div><div class=\"wpb_column vc_column_container vc_col-sm-6 vc_col-lg-6 vc_col-md-12 vc_col-xs-12 wow none sm-text-left xs-text-center pofo-column-responsive-69e62006dda7b\"><div class=\"vc_column-inner vc_custom_1509978451935\"><div class=\"wpb_wrapper\"><div class=\"featurebox31 pofo-featurebox featurebox31-2\" ><div class=\"text-light-gray margin-10px-bottom sm-margin-5px-bottom alt-font\"><span class=\"text-deep-pink margin-15px-right pull-left text-large xs-display-block xs-margin-lr-auto xs-width-100\" style=\"\">02.<\/span><span class=\"text-extra-dark-gray \" style=\"color: #232323;\">\u00c7ift Kanatl\u0131 E\u011fitim<\/span><\/div><div class=\"last-paragraph-no-margin width-90 xs-width-100\"><p><b data-path-to-node=\"8\" data-index-in-node=\"0\"> Ak\u0131l ve Karakter<\/b> Tek kanatla u\u00e7ulmaz ilkesinden hareketle; akademik m\u00fckemmelli\u011fi karakter e\u011fitimiyle harmanl\u0131yoruz. S\u0131nav ba\u015far\u0131lar\u0131n\u0131 \u00f6nemsiyoruz, ancak topluma faydal\u0131, vicdanl\u0131, d\u00fcr\u00fcst ve \u00f6zg\u00fcveni y\u00fcksek &#8220;iyi insanlar&#8221; yeti\u015ftirmeyi as\u0131l ba\u015far\u0131m\u0131z say\u0131yoruz.<\/p>\n<\/div><\/div><\/div><\/div><\/div><div class=\"wpb_column vc_column_container vc_col-sm-6 vc_col-lg-6 vc_col-md-12 vc_col-xs-12 clear-both wow none sm-text-left xs-text-center pofo-column-responsive-69e62006dde7f\" data-clear-both=\"clear-both\"><div class=\"vc_column-inner \"><div class=\"wpb_wrapper\"><div class=\"featurebox31 pofo-featurebox featurebox31-3\" ><div class=\"text-light-gray margin-10px-bottom sm-margin-5px-bottom alt-font\"><span class=\"text-deep-pink margin-15px-right pull-left text-large xs-display-block xs-margin-lr-auto xs-width-100\" style=\"\">03.<\/span><span class=\"text-extra-dark-gray \" style=\"color: #232323;\">Ya\u015fam Disiplini Olarak Spor ve Sanat<\/span><\/div><div class=\"last-paragraph-no-margin width-90 xs-width-100\"><p>\u00d6\u011frencilerimizi sadece s\u0131n\u0131f duvarlar\u0131 aras\u0131nda de\u011fil, hayat\u0131n i\u00e7inde de g\u00fc\u00e7l\u00fc k\u0131l\u0131yoruz. Sporu ve sanat\u0131 bir hobi de\u011fil, bir ya\u015fam k\u00fclt\u00fcr\u00fc ve disiplini olarak g\u00f6r\u00fcyoruz. Bedenen sa\u011fl\u0131kl\u0131, zihnen din\u00e7 ve estetik alg\u0131s\u0131 y\u00fcksek bireylerin, akademik hayatta da daha ba\u015far\u0131l\u0131 oldu\u011funa inan\u0131yoruz.<\/p>\n<\/div><\/div><\/div><\/div><\/div><div class=\"wpb_column vc_column_container vc_col-sm-6 vc_col-lg-6 vc_col-md-12 vc_col-xs-12 wow none sm-text-left xs-text-center pofo-column-responsive-69e62006de02a\"><div class=\"vc_column-inner \"><div class=\"wpb_wrapper\"><div class=\"featurebox31 pofo-featurebox featurebox31-4\" ><div class=\"text-light-gray margin-10px-bottom sm-margin-5px-bottom alt-font\"><span class=\"text-deep-pink margin-15px-right pull-left text-large xs-display-block xs-margin-lr-auto xs-width-100\" style=\"\">04.<\/span><span class=\"text-extra-dark-gray \" style=\"color: #232323;\">Gelene\u011fi Olan\u0131n Gelece\u011fi Olur<\/span><\/div><div class=\"last-paragraph-no-margin width-90 xs-width-100\"><p>&#8220;Muallim&#8221; isminden ald\u0131\u011f\u0131m\u0131z ilhamla; \u00f6\u011fretmen-\u00f6\u011frenci ili\u015fkisini sevgi ve sayg\u0131 temeline oturtuyoruz. Ge\u00e7mi\u015fin bilgeli\u011fini, teknolojinin ve modern bilimin imkanlar\u0131yla sentezleyerek \u00f6\u011frencilerimizi k\u00fcresel d\u00fcnyaya haz\u0131rl\u0131yoruz.<\/p>\n<\/div><\/div><\/div><\/div><\/div><\/div><\/div><\/div><\/div><\/section><div class=\"vc_row-full-width vc_clearfix\"><\/div><section data-vc-full-width=\"true\" data-vc-full-width-init=\"false\" class=\"vc_row wpb_row vc_row-fluid   pofo-stretch-content pofo-stretch-row-container\"><div class=\"wpb_column vc_column_container vc_col-sm-6 vc_col-md-3 vc_col-xs-12 wow fadeInUp text-center pofo-column-responsive-69e62006de28d\"><div class=\"vc_column-inner \"><div class=\"wpb_wrapper\"><div class=\"counter-style counter-style1 counter-feature-box-1 border-all display-table width-100 padding-5px-all counter-style1-1\" style=\"border: none; \"><div class=\"counter-box display-table-cell vertical-align-middle bg-white\" style=\"\"><i class=\"margin-15px-bottom text-medium-gray link-icon  fas fa-user-tie icon-medium\"><\/i><h6 data-postfix=\"\" data-to=\"20\" data-speed=\"2000\" class=\"display-block font-weight-500 text-extra-dark-gray no-margin-bottom timer alt-font\"  style=\"font-weight: 600;\">20<\/h6><span class=\"\">\u00d6\u011fretmen<\/span><\/div><\/div><\/div><\/div><\/div><div class=\"wpb_column vc_column_container vc_col-sm-6 vc_col-md-3 vc_col-xs-12 wow fadeInUp text-center pofo-column-responsive-69e62006de69f\" data-wow-delay= 200ms><div class=\"vc_column-inner \"><div class=\"wpb_wrapper\"><div class=\"wow none counter-style counter-style1 counter-feature-box-1 border-all display-table width-100 padding-5px-all counter-style1-2\" style=\"border: none; \"><div class=\"counter-box display-table-cell vertical-align-middle bg-white\" style=\"\"><i class=\"margin-15px-bottom text-medium-gray link-icon  fas fa-user-graduate icon-medium\"><\/i><h6 data-postfix=\"\" data-to=\"208\" data-speed=\"2000\" class=\"display-block font-weight-500 text-extra-dark-gray no-margin-bottom timer alt-font\"  style=\"font-weight: 600;\">208<\/h6><span class=\"\">\u00d6\u011frenci<\/span><\/div><\/div><\/div><\/div><\/div><div class=\"wpb_column vc_column_container vc_col-sm-6 vc_col-md-3 vc_col-xs-12 wow fadeInUp text-center pofo-column-responsive-69e62006de79b\" data-wow-delay= 400ms><div class=\"vc_column-inner \"><div class=\"wpb_wrapper\"><div class=\"counter-style counter-style1 counter-feature-box-1 border-all display-table width-100 padding-5px-all counter-style1-3\" style=\"border: none; \"><div class=\"counter-box display-table-cell vertical-align-middle bg-white\" style=\"\"><i class=\"margin-15px-bottom text-medium-gray link-icon  fas fa-arrows-alt icon-medium\"><\/i><h6 data-postfix=\"\" data-to=\"1500\" data-speed=\"2000\" class=\"display-block font-weight-500 text-extra-dark-gray no-margin-bottom timer alt-font\"  style=\"font-weight: 600;\">1500<\/h6><span class=\"\">M2 Fiziki Alan<\/span><\/div><\/div><\/div><\/div><\/div><div class=\"wpb_column vc_column_container vc_col-sm-6 vc_col-md-3 vc_col-xs-12 wow fadeInUp text-center\" data-wow-delay= 600ms><div class=\"vc_column-inner \"><div class=\"wpb_wrapper\"><div class=\"counter-style counter-style1 counter-feature-box-1 border-all display-table width-100 padding-5px-all counter-style1-4\" style=\"border: none; \"><div class=\"counter-box display-table-cell vertical-align-middle bg-white\" style=\"\"><i class=\"margin-15px-bottom text-medium-gray link-icon  fas fa-basketball-ball icon-medium\"><\/i><h6 data-postfix=\"\" data-to=\"600\" data-speed=\"2000\" class=\"display-block font-weight-500 text-extra-dark-gray no-margin-bottom timer alt-font\"  style=\"font-weight: 600;\">600<\/h6><span class=\"\">M2 A\u00e7\u0131k Alan<\/span><\/div><\/div><\/div><\/div><\/div><\/section><div class=\"vc_row-full-width vc_clearfix\"><\/div><section data-vc-full-width=\"true\" data-vc-full-width-init=\"false\" data-vc-stretch-content=\"true\" data-parallax-background-ratio=\"0.2\" class=\"vc_row wpb_row vc_row-fluid  vc_custom_1768049633126 wow fadeIn vc_row-has-fill pofo-stretch-content vc_row-no-padding parallax pofo-row-responsive-69e62006de94f\" style=\"min-height: 800px;\"><div class=\"wpb_column vc_column_container vc_col-sm-12  col-xs-mobile-fullwidth\"><div class=\"vc_column-inner \"><div class=\"wpb_wrapper\"><\/div><\/div><\/div><\/section><div class=\"vc_row-full-width vc_clearfix\"><\/div><section data-vc-full-width=\"true\" data-vc-full-width-init=\"false\" class=\"vc_row wpb_row vc_row-fluid  vc_custom_1507547404553 wow fadeIn vc_row-has-fill pofo-stretch-content pofo-stretch-row-container vc_row-o-equal-height vc_row-o-content-middle vc_row-flex\"><div class=\"wpb_column vc_column_container vc_col-sm-12 vc_col-md-5 col-xs-mobile-fullwidth sm-text-center pofo-column-responsive-69e62006deafe\"><div class=\"vc_column-inner \"><div class=\"wpb_wrapper\"><div class=\"last-paragraph-no-margin\"><div class=\"fa fa-quote-left text-deep-pink icon-medium margin-15px-bottom\"><\/div>\n<\/div><h5 class=\"text-extra-dark-gray margin-20px-bottom font-weight-600 display-inline-block alt-font text-uppercase heading-style2  heading-2\"  style=\"font-weight: 700;\">\u0130yi bir gelecek i\u00e7in Muallim Koleji<\/h5><div class=\" vc_custom_1507547538746 last-paragraph-no-margin pofo-text-block-responsive-69e62006dec41\" style=\"width: 90%;\"><p>Pofo philosophy that great design can only be delivered by people with a deep social and cultural understanding of the communities they designing. Lorem Ipsum is simply dummy text of the printing and typesetting industry. Lorem Ipsum has been the industry&#8217;s standard dummy text ever&#8230;<\/p>\n<\/div><span class=\"text-extra-dark-gray margin-20px-bottom font-weight-600 display-inline-block alt-font heading-style2  vc_custom_1767671847298  heading-3\"  style=\"font-size: 18px; line-height: 26px;\" data-fontsize=\"18px\" data-lineheight=\"26px\">Muallim Koleji<\/span><div class=\"last-paragraph-no-margin\"><p>Bir \u00f6\u011fretmen kurulu\u015fu.<\/p>\n<\/div><\/div><\/div><\/div><div class=\"wpb_column vc_column_container vc_col-sm-12 vc_col-md-offset-1 vc_col-md-6 col-xs-mobile-fullwidth text-center\"><div class=\"vc_column-inner \"><div class=\"wpb_wrapper\">[vc_single_image image=&#8221;22943&#8243; img_size=&#8221;full&#8221; alignment=&#8221;center&#8221;]<\/div><\/div><\/div><\/section><div class=\"vc_row-full-width vc_clearfix\"><\/div><section class=\"vc_row wpb_row vc_row-fluid\"><div class=\"wpb_column vc_column_container vc_col-sm-12  col-xs-mobile-fullwidth\"><div class=\"vc_column-inner \"><div class=\"wpb_wrapper\"><\/div><\/div><\/div><\/section>\n","protected":false},"excerpt":{"rendered":"K\u00f6klerden Gelece\u011fe, B\u00fct\u00fcnc\u00fcl Bir Bak\u0131\u015fMuallim Koleji olarak e\u011fitimi, sadece akademik bilgilerin aktar\u0131ld\u0131\u011f\u0131 bir s\u00fcre\u00e7 olarak de\u011fil; zihinsel, bedensel ve ruhsal bir in\u015fa s\u00fcreci olarak g\u00f6r\u00fcyoruz. Bizim i\u00e7in her \u00f6\u011frenci, ke\u015ffedilmeyi bekleyen bir potansiyel ve kendine has yetenekleriyle biricik bir d\u00fcnyad\u0131r. Felsefemizin temelinde; \"Bilgiyle donanm\u0131\u015f, de\u011ferleriyle b\u00fcy\u00fcyen ve bilin\u00e7le ya\u015fayan\" nesiller yeti\u015ftirmek yatar. [vc_single_image image=\"23022\" img_size=\"full\"]01.\u00d6\u011frenmeyi \u00d6\u011freten SistemBilginin h\u0131zla de\u011fi\u015fti\u011fi bir \u00e7a\u011fda, \u00f6\u011frencilerimize ezberletmeyi de\u011fil; ara\u015ft\u0131rmay\u0131, sorgulamay\u0131 ve bilgiye ula\u015fmay\u0131 \u00f6\u011fretiyoruz. Merak duygusunu her zaman canl\u0131 tutarak, onlar\u0131 hayat boyu \u00f6\u011frenen bireyler haline getiriyoruz. 02.\u00c7ift Kanatl\u0131 E\u011fitim Ak\u0131l ve Karakter Tek kanatla u\u00e7ulmaz ilkesinden hareketle; akademik m\u00fckemmelli\u011fi karakter e\u011fitimiyle harmanl\u0131yoruz. S\u0131nav ba\u015far\u0131lar\u0131n\u0131 \u00f6nemsiyoruz, ancak topluma faydal\u0131, vicdanl\u0131, d\u00fcr\u00fcst ve \u00f6zg\u00fcveni y\u00fcksek \"iyi insanlar\" yeti\u015ftirmeyi as\u0131l ba\u015far\u0131m\u0131z say\u0131yoruz. 03.Ya\u015fam Disiplini Olarak Spor ve Sanat\u00d6\u011frencilerimizi sadece s\u0131n\u0131f duvarlar\u0131 aras\u0131nda de\u011fil, hayat\u0131n i\u00e7inde de g\u00fc\u00e7l\u00fc k\u0131l\u0131yoruz. Sporu ve sanat\u0131 bir hobi de\u011fil, bir ya\u015fam k\u00fclt\u00fcr\u00fc ve disiplini olarak g\u00f6r\u00fcyoruz. Bedenen sa\u011fl\u0131kl\u0131, zihnen din\u00e7 ve estetik alg\u0131s\u0131 y\u00fcksek bireylerin, akademik hayatta da daha ba\u015far\u0131l\u0131 oldu\u011funa inan\u0131yoruz. 04.Gelene\u011fi Olan\u0131n Gelece\u011fi Olur\"Muallim\" isminden ald\u0131\u011f\u0131m\u0131z ilhamla; \u00f6\u011fretmen-\u00f6\u011frenci ili\u015fkisini sevgi ve sayg\u0131 temeline oturtuyoruz. Ge\u00e7mi\u015fin bilgeli\u011fini, teknolojinin ve modern bilimin imkanlar\u0131yla sentezleyerek \u00f6\u011frencilerimizi k\u00fcresel d\u00fcnyaya haz\u0131rl\u0131yoruz. 20\u00d6\u011fretmen208\u00d6\u011frenci1500M2 Fiziki Alan600M2 A\u00e7\u0131k Alan \u0130yi bir gelecek i\u00e7in Muallim KolejiPofo philosophy that...","protected":false},"author":1,"featured_media":0,"parent":0,"menu_order":0,"comment_status":"closed","ping_status":"closed","template":"","meta":{"inline_featured_image":false,"footnotes":""},"class_list":["post-5556","page","type-page","status-publish","hentry"],"_links":{"self":[{"href":"https:\/\/muallimkoleji.com\/index.php\/wp-json\/wp\/v2\/pages\/5556","targetHints":{"allow":["GET"]}}],"collection":[{"href":"https:\/\/muallimkoleji.com\/index.php\/wp-json\/wp\/v2\/pages"}],"about":[{"href":"https:\/\/muallimkoleji.com\/index.php\/wp-json\/wp\/v2\/types\/page"}],"author":[{"embeddable":true,"href":"https:\/\/muallimkoleji.com\/index.php\/wp-json\/wp\/v2\/users\/1"}],"replies":[{"embeddable":true,"href":"https:\/\/muallimkoleji.com\/index.php\/wp-json\/wp\/v2\/comments?post=5556"}],"version-history":[{"count":20,"href":"https:\/\/muallimkoleji.com\/index.php\/wp-json\/wp\/v2\/pages\/5556\/revisions"}],"predecessor-version":[{"id":23021,"href":"https:\/\/muallimkoleji.com\/index.php\/wp-json\/wp\/v2\/pages\/5556\/revisions\/23021"}],"wp:attachment":[{"href":"https:\/\/muallimkoleji.com\/index.php\/wp-json\/wp\/v2\/media?parent=5556"}],"curies":[{"name":"wp","href":"https:\/\/api.w.org\/{rel}","templated":true}]}}