{"id":5563,"date":"2017-08-08T10:07:59","date_gmt":"2017-08-08T10:07:59","guid":{"rendered":"https:\/\/pofo.themezaa.com\/?page_id=5563"},"modified":"2026-02-19T13:26:03","modified_gmt":"2026-02-19T13:26:03","slug":"muallim-koleji-2","status":"publish","type":"page","link":"https:\/\/muallimkoleji.com\/index.php\/muallim-koleji-2\/","title":{"rendered":"Muallim Koleji"},"content":{"rendered":"<section data-vc-full-width=\"true\" data-vc-full-width-init=\"false\" data-vc-stretch-content=\"true\" data-parallax-background-ratio=\"0.5\" class=\"vc_row wpb_row vc_row-fluid  vc_custom_1771507559089 vc_row-has-fill pofo-stretch-content vc_row-no-padding vc_row-o-content-middle vc_row-flex parallax pofo-row-responsive-69e61df7676a3\"><div class=\"wpb_column vc_column_container vc_col-lg-7 vc_col-md-7 vc_hidden-sm col-xs-mobile-fullwidth\"><div class=\"vc_column-inner \"><div class=\"wpb_wrapper\"><\/div><\/div><\/div><div class=\"wpb_column vc_column_container vc_col-has-fill vc_col-sm-12 vc_col-lg-5 vc_col-md-5 col-xs-mobile-fullwidth\"><div class=\"vc_column-inner vc_custom_1507623881185\"><div class=\"wpb_wrapper\"><div class=\"vc_row wpb_row vc_inner vc_row-fluid box-shadow-light vc_custom_1509774539727 pofo-inner-row-responsive-69e61df7678ac\"><div class=\"wpb_column vc_column_container vc_col-sm-12  col-xs-mobile-fullwidth\"><div class=\"vc_column-inner \"><div class=\"wpb_wrapper\"><div class=\"last-paragraph-no-margin\"><div class=\"fa fa-quote-left text-deep-pink icon-large margin-15px-bottom\"><\/div>\n<\/div><h5 class=\"text-extra-large margin-25px-bottom display-inline-block alt-font heading-style3  vc_custom_1767777190679 pofo-button-responsive-69e61df767a92  heading-1\"  style=\"font-size: 16px; font-weight: 800;\" data-fontsize=\"16px\">Muallim Koleji olarak, k\u00f6kleri medeniyetimizin derinliklerinde, dallar\u0131 ise gelece\u011fin teknolojisine ve bilimine uzanan koca bir \u00e7\u0131nar\u0131z. Amac\u0131m\u0131z sadece akademik ba\u015far\u0131ya ula\u015fm\u0131\u015f zihinler de\u011fil, ayn\u0131 zamanda vicdan\u0131 h\u00fcr, karakteri sa\u011flam ve insanl\u0131\u011f\u0131 kucaklayan 'erdemli' nesiller yeti\u015ftirmektir. \u0130sminizden ald\u0131\u011f\u0131m\u0131z ilhamla, her bir \u00f6\u011frencimizi i\u015flenmeyi bekleyen bir cevher olarak g\u00f6r\u00fcyor; onlar\u0131 sadece s\u0131navlara de\u011fil, hayata ve d\u00fcnyaya y\u00f6n verecekleri bir gelece\u011fe haz\u0131rl\u0131yoruz.<\/h5><\/div><\/div><\/div><\/div><\/div><\/div><\/div><\/section><div class=\"vc_row-full-width vc_clearfix\"><\/div><section class=\"vc_row wpb_row vc_row-fluid\"><div class=\"wpb_column vc_column_container vc_col-sm-12  col-xs-mobile-fullwidth\"><div class=\"vc_column-inner \"><div class=\"wpb_wrapper\"><h5 class=\"text-extra-dark-gray margin-20px-bottom font-weight-600 display-inline-block heading-style2  vc_custom_1767777852428 pofo-button-responsive-69e61df767c2f  heading-2\"  style=\"width: 90%; font-weight: 300;\">Biz e\u011fitimi, sadece ders kitaplar\u0131na s\u0131\u011fd\u0131r\u0131lan bir s\u00fcre\u00e7 olarak g\u00f6rm\u00fcyoruz. Bizim i\u00e7in as\u0131l mesele, \u00f6\u011frencinin i\u00e7indeki merak duygusunu canl\u0131 tutmak ve \u00f6\u011frenmeyi bir zorunluluktan \u00e7\u0131kar\u0131p keyifli bir ke\u015ffe d\u00f6n\u00fc\u015ft\u00fcrmek.<\/h5><h5 class=\"text-extra-dark-gray margin-20px-bottom font-weight-600 display-inline-block heading-style2  vc_custom_1767778172081 pofo-button-responsive-69e61df767ca2  heading-3\"  style=\"width: 90%; font-size: 14px; font-weight: 600;\" data-fontsize=\"14px\">Bizim i\u00e7in ba\u015far\u0131, \u00f6\u011frencinin potansiyelini en \u00fcst seviyeye \u00e7\u0131karmakt\u0131r. Hedefimiz, buradan mezun olan her gencin hayalindeki liseyi kazanacak akademik altyap\u0131ya ve o ba\u015far\u0131y\u0131 ta\u015f\u0131yacak \u00f6zg\u00fcvene sahip olmas\u0131d\u0131r. \u0130yi bir yabanc\u0131 dil temeli, kodlama becerileri ve sosyal yetkinliklerle donanm\u0131\u015f \u00f6\u011frencilerimiz; liseye ba\u015flad\u0131klar\u0131nda sadece dersleriyle de\u011fil, duru\u015flar\u0131 ve vizyonlar\u0131yla da fark edilsinler istiyoruz. Biz, onlar\u0131n kanatlan\u0131p u\u00e7madan \u00f6nceki son ve en sa\u011flam yuvas\u0131y\u0131z.<\/h5><\/div><\/div><\/div><\/section>\n","protected":false},"excerpt":{"rendered":"Muallim Koleji olarak, k\u00f6kleri medeniyetimizin derinliklerinde, dallar\u0131 ise gelece\u011fin teknolojisine ve bilimine uzanan koca bir \u00e7\u0131nar\u0131z. Amac\u0131m\u0131z sadece akademik ba\u015far\u0131ya ula\u015fm\u0131\u015f zihinler de\u011fil, ayn\u0131 zamanda vicdan\u0131 h\u00fcr, karakteri sa\u011flam ve insanl\u0131\u011f\u0131 kucaklayan 'erdemli' nesiller yeti\u015ftirmektir. \u0130sminizden ald\u0131\u011f\u0131m\u0131z ilhamla, her bir \u00f6\u011frencimizi i\u015flenmeyi bekleyen bir cevher olarak g\u00f6r\u00fcyor; onlar\u0131 sadece s\u0131navlara de\u011fil, hayata ve d\u00fcnyaya y\u00f6n verecekleri bir gelece\u011fe haz\u0131rl\u0131yoruz.Biz e\u011fitimi, sadece ders kitaplar\u0131na s\u0131\u011fd\u0131r\u0131lan bir s\u00fcre\u00e7 olarak g\u00f6rm\u00fcyoruz. Bizim i\u00e7in as\u0131l mesele, \u00f6\u011frencinin i\u00e7indeki merak duygusunu canl\u0131 tutmak ve \u00f6\u011frenmeyi bir zorunluluktan \u00e7\u0131kar\u0131p keyifli bir ke\u015ffe d\u00f6n\u00fc\u015ft\u00fcrmek.Bizim i\u00e7in ba\u015far\u0131, \u00f6\u011frencinin potansiyelini en \u00fcst seviyeye \u00e7\u0131karmakt\u0131r. Hedefimiz, buradan mezun olan her gencin hayalindeki liseyi kazanacak akademik altyap\u0131ya ve o ba\u015far\u0131y\u0131 ta\u015f\u0131yacak \u00f6zg\u00fcvene sahip olmas\u0131d\u0131r. \u0130yi bir yabanc\u0131 dil temeli, kodlama becerileri ve sosyal yetkinliklerle donanm\u0131\u015f \u00f6\u011frencilerimiz; liseye ba\u015flad\u0131klar\u0131nda sadece dersleriyle de\u011fil, duru\u015flar\u0131 ve vizyonlar\u0131yla da fark edilsinler istiyoruz. Biz, onlar\u0131n kanatlan\u0131p u\u00e7madan \u00f6nceki son ve en sa\u011flam yuvas\u0131y\u0131z.","protected":false},"author":1,"featured_media":0,"parent":0,"menu_order":0,"comment_status":"closed","ping_status":"closed","template":"","meta":{"inline_featured_image":false,"footnotes":""},"class_list":["post-5563","page","type-page","status-publish","hentry"],"_links":{"self":[{"href":"https:\/\/muallimkoleji.com\/index.php\/wp-json\/wp\/v2\/pages\/5563","targetHints":{"allow":["GET"]}}],"collection":[{"href":"https:\/\/muallimkoleji.com\/index.php\/wp-json\/wp\/v2\/pages"}],"about":[{"href":"https:\/\/muallimkoleji.com\/index.php\/wp-json\/wp\/v2\/types\/page"}],"author":[{"embeddable":true,"href":"https:\/\/muallimkoleji.com\/index.php\/wp-json\/wp\/v2\/users\/1"}],"replies":[{"embeddable":true,"href":"https:\/\/muallimkoleji.com\/index.php\/wp-json\/wp\/v2\/comments?post=5563"}],"version-history":[{"count":20,"href":"https:\/\/muallimkoleji.com\/index.php\/wp-json\/wp\/v2\/pages\/5563\/revisions"}],"predecessor-version":[{"id":23332,"href":"https:\/\/muallimkoleji.com\/index.php\/wp-json\/wp\/v2\/pages\/5563\/revisions\/23332"}],"wp:attachment":[{"href":"https:\/\/muallimkoleji.com\/index.php\/wp-json\/wp\/v2\/media?parent=5563"}],"curies":[{"name":"wp","href":"https:\/\/api.w.org\/{rel}","templated":true}]}}